{"id":1136,"date":"2022-09-15T21:29:02","date_gmt":"2022-09-16T00:29:02","guid":{"rendered":"https:\/\/ens1-caba.infd.edu.ar\/sitio\/?page_id=1136"},"modified":"2022-09-15T21:42:42","modified_gmt":"2022-09-16T00:42:42","slug":"archivo-historico-rosario-vera-penaloza","status":"publish","type":"page","link":"https:\/\/ens1-caba.infd.edu.ar\/sitio\/archivo-historico-rosario-vera-penaloza\/","title":{"rendered":"Archivo Hist\u00f3rico \u00abRosario Vera Pe\u00f1aloza\u00bb"},"content":{"rendered":"\n<p>La Escuela Normal N\u00ba 1 fue creada por decreto, el 30 de julio de 1874, como \u201cEscuela Normal de Maestras de la Provincia\u201d, y su primera sede fue en una quinta alquilada a Antonio Cambaceres, en el barrio de Barracas. Emma Nicolay de Caprile de origen polaca, fue escogida por Domingo Faustino Sarmiento para ser la primera directora de la Escuela Normal de Maestras N\u00b01. El establecimiento, que funcionaba en la quinta de Cambaceres, inici\u00f3 su labor el 15 de marzo de 1875. Permaneci\u00f3 al frente de la escuela hasta 1884, cuando su salud marc\u00f3 la necesidad del retiro, siendo sucedida por otra brillante educadora: M\u00e1xima Lupo.<\/p>\n\n\n\n<p>El Archivo Hist\u00f3rico de la Escuela Normal N\u00ba 1, se comenz\u00f3 a organizar desde el a\u00f1o 2003, y se inaugura el 13 de Octubre de 2005 con el nombre de \u201cRosario Vera Pe\u00f1aloza\u201d, quien fuera Directora de nuestra Instituci\u00f3n durante 1912 y 1917.<\/p>\n\n\n\n<div class=\"wp-block-image\"><figure class=\"aligncenter size-large\"><img decoding=\"async\" loading=\"lazy\" width=\"665\" height=\"499\" src=\"https:\/\/ens1-caba.infd.edu.ar\/sitio\/wp-content\/uploads\/2022\/09\/Arch-1.jpg\" alt=\"\" class=\"wp-image-1137\"\/><figcaption>Archivo Rosario Vera Pe\u00f1aloza<\/figcaption><\/figure><\/div>\n\n\n\n<div class=\"wp-block-image\"><figure class=\"aligncenter size-large is-resized\"><img decoding=\"async\" loading=\"lazy\" src=\"https:\/\/ens1-caba.infd.edu.ar\/sitio\/wp-content\/uploads\/2022\/09\/Rosario-Vera-Penaloza.jpg\" alt=\"\" class=\"wp-image-1138\" width=\"295\" height=\"382\"\/><figcaption>Rosario Vera Pe\u00f1aloza<\/figcaption><\/figure><\/div>\n\n\n\n<p>El Archivo cuenta con documentaci\u00f3n producida desde 1874, en diferentes soportes como Papel, Fotograf\u00edas, Discos de pasta y Pel\u00edculas.<\/p>\n\n\n\n<p>Documentos Papel: Cada caja agrupa distintos tipos de documentos, como por ejemplo: Correspondencia, Planes de estudio, Programas de estudio, Recibos de Sueldos, Facturas, Registros Contables, Circulares, Actas, Libros Copiadores, Registro de Asistencias, Actas de ex\u00e1menes, Registro de Inscripciones, Estad\u00edsticas, Registro de Notas, Discursos de ceremonias y actos escolares.<\/p>\n\n\n\n<p>Entre la documentaci\u00f3n clasificada se encontraron documentos escritos y firmados por personajes ilustres, entre los que se pueden mencionar, por ejemplo: Domingo Faustino Sarmiento, Hip\u00f3lito Irigoyen, Alicia Moreau de Justo, Cecilia Grierson, M\u00e1xima Lupo, Amalia Kenig, Otto Krause, Rosario Vera Pe\u00f1alosa, Eduardo Holmberg, Pablo Pizzurno, Emma Nicolay de Caprile, Marcelo T de Alvear, Sara Ecleston, etc.<\/p>\n\n\n\n<figure class=\"wp-block-gallery columns-3 is-cropped wp-block-gallery-1 is-layout-flex\"><ul class=\"blocks-gallery-grid\"><li class=\"blocks-gallery-item\"><figure><img decoding=\"async\" loading=\"lazy\" width=\"449\" height=\"672\" src=\"https:\/\/ens1-caba.infd.edu.ar\/sitio\/wp-content\/uploads\/2022\/09\/docu-1.jpg\" alt=\"\" data-id=\"1147\" data-full-url=\"https:\/\/ens1-caba.infd.edu.ar\/sitio\/wp-content\/uploads\/2022\/09\/docu-1.jpg\" data-link=\"https:\/\/ens1-caba.infd.edu.ar\/sitio\/archivo-historico-rosario-vera-penaloza\/docu-1\/#main\" class=\"wp-image-1147\"\/><\/figure><\/li><li class=\"blocks-gallery-item\"><figure><img decoding=\"async\" loading=\"lazy\" width=\"813\" height=\"1024\" src=\"https:\/\/ens1-caba.infd.edu.ar\/sitio\/wp-content\/uploads\/2022\/09\/docu-2.jpg\" alt=\"\" data-id=\"1148\" data-full-url=\"https:\/\/ens1-caba.infd.edu.ar\/sitio\/wp-content\/uploads\/2022\/09\/docu-2.jpg\" data-link=\"https:\/\/ens1-caba.infd.edu.ar\/sitio\/archivo-historico-rosario-vera-penaloza\/docu-2\/#main\" class=\"wp-image-1148\" srcset=\"https:\/\/ens1-caba.infd.edu.ar\/sitio\/wp-content\/uploads\/2022\/09\/docu-2.jpg 813w, https:\/\/ens1-caba.infd.edu.ar\/sitio\/wp-content\/uploads\/2022\/09\/docu-2-794x1000.jpg 794w, https:\/\/ens1-caba.infd.edu.ar\/sitio\/wp-content\/uploads\/2022\/09\/docu-2-768x967.jpg 768w\" sizes=\"(max-width: 813px) 100vw, 813px\" \/><\/figure><\/li><li class=\"blocks-gallery-item\"><figure><img decoding=\"async\" loading=\"lazy\" width=\"431\" height=\"672\" src=\"https:\/\/ens1-caba.infd.edu.ar\/sitio\/wp-content\/uploads\/2022\/09\/docu-3.jpg\" alt=\"\" data-id=\"1149\" data-full-url=\"https:\/\/ens1-caba.infd.edu.ar\/sitio\/wp-content\/uploads\/2022\/09\/docu-3.jpg\" data-link=\"https:\/\/ens1-caba.infd.edu.ar\/sitio\/archivo-historico-rosario-vera-penaloza\/docu-3\/#main\" class=\"wp-image-1149\"\/><\/figure><\/li><\/ul><\/figure>\n\n\n\n<p>Adem\u00e1s entre las series documentales m\u00e1s importantes cuenta con el de los&nbsp;<strong>Libros Copiadores<\/strong>&nbsp;que contienen las copias de las notas, cartas, certificados, calificaciones y memorias de la Escuela.<\/p>\n\n\n\n<p>Documentos Audiovisuales: El archivo cuenta con documentaci\u00f3n sonora, entre las que se encuentran discos de pasta sobre actos escolares, discursos, coro de la escuela, etc.<\/p>\n\n\n\n<div class=\"wp-block-image\"><figure class=\"aligncenter size-large is-resized\"><img decoding=\"async\" loading=\"lazy\" src=\"https:\/\/ens1-caba.infd.edu.ar\/sitio\/wp-content\/uploads\/2022\/09\/disco.jpg\" alt=\"\" class=\"wp-image-1139\" width=\"520\" height=\"407\"\/><figcaption>Disco <\/figcaption><\/figure><\/div>\n\n\n\n<p>Una pel\u00edcula de la Escuela realizada en el a\u00f1o 1922 con motivo del centenario de la independencia del Brasil, que muestra todas las actividades de un d\u00eda de clase, y una copia de la Visita que hace Eva Per\u00f3n a la Escuela Normal con motivo de inaugurar las transmisiones de Radio Escuela y las exhibiciones de Cinematograf\u00eda Escolar organizada por la Secretar\u00eda de Educaci\u00f3n, el 1 de Julio de 1948.<\/p>\n\n\n\n<div class=\"wp-block-image\"><figure class=\"aligncenter size-large\"><img decoding=\"async\" loading=\"lazy\" width=\"677\" height=\"466\" src=\"https:\/\/ens1-caba.infd.edu.ar\/sitio\/wp-content\/uploads\/2022\/09\/pelicula-escuela.jpg\" alt=\"\" class=\"wp-image-1150\"\/><figcaption>Pel\u00edcula de la escuela<\/figcaption><\/figure><\/div>\n\n\n\n<div class=\"wp-block-image\"><figure class=\"aligncenter size-large\"><img decoding=\"async\" loading=\"lazy\" width=\"768\" height=\"576\" src=\"https:\/\/ens1-caba.infd.edu.ar\/sitio\/wp-content\/uploads\/2022\/09\/eva-peron.jpg\" alt=\"\" class=\"wp-image-1151\"\/><figcaption>Eva Per\u00f3n<\/figcaption><\/figure><\/div>\n\n\n\n<p>Y por \u00faltimo contamos con un fondo fotogr\u00e1fico que abarca actos escolares, im\u00e1genes antiguas, que fueron entregadas por la Asociaci\u00f3n de Ex alumnas de la Escuela, se realiz\u00f3 el ordenamiento y descripci\u00f3n adecuada y se digitaliz\u00f3 la totalidad de las fotograf\u00edas (1874-1980).<\/p>\n\n\n\n<div class=\"wp-block-image\"><figure class=\"aligncenter size-large is-resized\"><img decoding=\"async\" loading=\"lazy\" src=\"https:\/\/ens1-caba.infd.edu.ar\/sitio\/wp-content\/uploads\/2022\/09\/exalumnas.jpg\" alt=\"\" class=\"wp-image-1140\" width=\"693\" height=\"517\" srcset=\"https:\/\/ens1-caba.infd.edu.ar\/sitio\/wp-content\/uploads\/2022\/09\/exalumnas.jpg 995w, https:\/\/ens1-caba.infd.edu.ar\/sitio\/wp-content\/uploads\/2022\/09\/exalumnas-768x573.jpg 768w\" sizes=\"(max-width: 693px) 100vw, 693px\" \/><figcaption>Foto antigua de exalumnas<\/figcaption><\/figure><\/div>\n\n\n\n<div class=\"wp-block-image\"><figure class=\"aligncenter size-large is-resized\"><img decoding=\"async\" loading=\"lazy\" src=\"https:\/\/ens1-caba.infd.edu.ar\/sitio\/wp-content\/uploads\/2022\/09\/exal.jpg\" alt=\"\" class=\"wp-image-1152\" width=\"666\" height=\"487\" srcset=\"https:\/\/ens1-caba.infd.edu.ar\/sitio\/wp-content\/uploads\/2022\/09\/exal.jpg 1015w, https:\/\/ens1-caba.infd.edu.ar\/sitio\/wp-content\/uploads\/2022\/09\/exal-1000x731.jpg 1000w, https:\/\/ens1-caba.infd.edu.ar\/sitio\/wp-content\/uploads\/2022\/09\/exal-768x561.jpg 768w\" sizes=\"(max-width: 666px) 100vw, 666px\" \/><figcaption>Foto de exalumnas<\/figcaption><\/figure><\/div>\n\n\n\n<div class=\"wp-block-image\"><figure class=\"aligncenter size-large\"><img decoding=\"async\" loading=\"lazy\" width=\"459\" height=\"742\" src=\"https:\/\/ens1-caba.infd.edu.ar\/sitio\/wp-content\/uploads\/2022\/09\/escalera.jpg\" alt=\"\" class=\"wp-image-1141\"\/><figcaption>Foto antigua de exalumnas en la escalera central<\/figcaption><\/figure><\/div>\n\n\n\n<p>El Archivo Hist\u00f3rico \u201cRosario Vera Pe\u00f1aloza\u201d, de la Escuela Normal N\u00ba 1 en Lenguas Vivas \u201cPte. Roque S\u00e1enz Pe\u00f1a\u201d, fue pionero en el \u00e1mbito de la Ciudad de Buenos Aires en desarrollar un trabajo de rescate y puesta en valor del patrimonio documental.<\/p>\n\n\n\n<p>Abierto a toda la Comunidad.<\/p>\n","protected":false},"excerpt":{"rendered":"<p>La Escuela Normal N\u00ba 1 fue creada por decreto, el 30 de julio de 1874, como \u201cEscuela Normal de Maestras de la Provincia\u201d, y su primera sede fue en una quinta alquilada a Antonio Cambaceres, en el barrio de Barracas. Emma Nicolay de Caprile de origen polaca, fue escogida por Domingo Faustino Sarmiento para ser &#8230; <a title=\"Archivo Hist\u00f3rico \u00abRosario Vera Pe\u00f1aloza\u00bb\" class=\"read-more\" href=\"https:\/\/ens1-caba.infd.edu.ar\/sitio\/archivo-historico-rosario-vera-penaloza\/\" aria-label=\"More on Archivo Hist\u00f3rico \u00abRosario Vera Pe\u00f1aloza\u00bb\">[+]<\/a><\/p>\n","protected":false},"author":3738,"featured_media":0,"parent":0,"menu_order":0,"comment_status":"closed","ping_status":"closed","template":"","meta":[],"acf":[],"_links":{"self":[{"href":"https:\/\/ens1-caba.infd.edu.ar\/sitio\/wp-json\/wp\/v2\/pages\/1136"}],"collection":[{"href":"https:\/\/ens1-caba.infd.edu.ar\/sitio\/wp-json\/wp\/v2\/pages"}],"about":[{"href":"https:\/\/ens1-caba.infd.edu.ar\/sitio\/wp-json\/wp\/v2\/types\/page"}],"author":[{"embeddable":true,"href":"https:\/\/ens1-caba.infd.edu.ar\/sitio\/wp-json\/wp\/v2\/users\/3738"}],"replies":[{"embeddable":true,"href":"https:\/\/ens1-caba.infd.edu.ar\/sitio\/wp-json\/wp\/v2\/comments?post=1136"}],"version-history":[{"count":2,"href":"https:\/\/ens1-caba.infd.edu.ar\/sitio\/wp-json\/wp\/v2\/pages\/1136\/revisions"}],"predecessor-version":[{"id":1153,"href":"https:\/\/ens1-caba.infd.edu.ar\/sitio\/wp-json\/wp\/v2\/pages\/1136\/revisions\/1153"}],"wp:attachment":[{"href":"https:\/\/ens1-caba.infd.edu.ar\/sitio\/wp-json\/wp\/v2\/media?parent=1136"}],"curies":[{"name":"wp","href":"https:\/\/api.w.org\/{rel}","templated":true}]}}