{"id":753,"date":"2021-11-17T18:31:46","date_gmt":"2021-11-17T21:31:46","guid":{"rendered":"https:\/\/ens1-caba.infd.edu.ar\/sitio\/?page_id=753"},"modified":"2025-08-13T17:27:29","modified_gmt":"2025-08-13T20:27:29","slug":"inscripcion","status":"publish","type":"page","link":"https:\/\/ens1-caba.infd.edu.ar\/sitio\/inscripcion\/","title":{"rendered":"Inscripci\u00f3n- ingreso a los profesorados"},"content":{"rendered":"\n<p class=\"has-text-align-center has-vivid-cyan-blue-color has-text-color has-medium-font-size\"><strong>INSCRIPCI\u00d3N AL 1er CUATRIMESTRE 2026<\/strong><\/p>\n\n\n\n<p class=\"has-text-align-center has-background\" style=\"background:linear-gradient(135deg,rgb(2,3,129) 0%,rgb(40,116,252) 13%);font-size:30px\"><strong>Abierta la inscripci\u00f3n a los\u00a0Profesorados                                                                 desde <strong><strong>el 06 de octubre de 2025<\/strong><\/strong><\/strong><\/p>\n\n\n\n<h2 class=\"wp-block-heading has-text-align-center has-base-3-background-color has-background\" style=\"font-size:27px\"><br><strong>\u2022 <a href=\"https:\/\/ens1-caba.infd.edu.ar\/sitio\/wp-content\/uploads\/2024\/07\/Orientaciones-web-para-cursar-PEP-nuevo-29-7-24.pdf\" data-type=\"URL\" data-id=\"https:\/\/ens1-caba.infd.edu.ar\/sitio\/wp-content\/uploads\/2024\/07\/Orientaciones-web-para-cursar-PEP-nuevo-29-7-24.pdf\" target=\"_blank\" rel=\"noreferrer noopener\">Profesorado de Educaci\u00f3n Primaria (ver materias)<\/a><\/strong><\/h2>\n\n\n\n<h2 class=\"wp-block-heading has-text-align-center has-base-3-background-color has-background\" style=\"font-size:27px\"><strong><br>\u2022 <a rel=\"noreferrer noopener\" href=\"https:\/\/ens1-caba.infd.edu.ar\/sitio\/wp-content\/uploads\/2024\/06\/Orientaciones-web-PEI-esc.pdf\" data-type=\"URL\" data-id=\"https:\/\/ens1-caba.infd.edu.ar\/sitio\/wp-content\/uploads\/2024\/06\/Orientaciones-web-PEI-esc.pdf\" target=\"_blank\">Profesorado de Educaci\u00f3n Inicial<\/a><\/strong> <strong><a rel=\"noreferrer noopener\" href=\"https:\/\/ens1-caba.infd.edu.ar\/sitio\/wp-content\/uploads\/2024\/06\/Orientaciones-web-PEI-esc.pdf\" data-type=\"URL\" data-id=\"https:\/\/ens1-caba.infd.edu.ar\/sitio\/wp-content\/uploads\/2024\/06\/Orientaciones-web-PEI-esc.pdf\" target=\"_blank\">(ver materias)<\/a><\/strong><\/h2>\n\n\n\n<div class=\"wp-block-columns is-layout-flex wp-container-4\">\n<div class=\"wp-block-column is-layout-flow\" style=\"flex-basis:100%\">\n<figure class=\"wp-block-gallery aligncenter has-nested-images columns-default is-cropped wp-block-gallery-1 is-layout-flex\">\n<figure class=\"wp-block-image size-full\"><img decoding=\"async\" loading=\"lazy\" width=\"1080\" height=\"1080\" src=\"https:\/\/ens1-caba.infd.edu.ar\/sitio\/wp-content\/uploads\/2025\/08\/Flyer-Inscripcion-Normal-1-1er-C-2026.png\" alt=\"\" class=\"wp-image-1545\" srcset=\"https:\/\/ens1-caba.infd.edu.ar\/sitio\/wp-content\/uploads\/2025\/08\/Flyer-Inscripcion-Normal-1-1er-C-2026.png 1080w, https:\/\/ens1-caba.infd.edu.ar\/sitio\/wp-content\/uploads\/2025\/08\/Flyer-Inscripcion-Normal-1-1er-C-2026-1000x1000.png 1000w, https:\/\/ens1-caba.infd.edu.ar\/sitio\/wp-content\/uploads\/2025\/08\/Flyer-Inscripcion-Normal-1-1er-C-2026-500x500.png 500w, https:\/\/ens1-caba.infd.edu.ar\/sitio\/wp-content\/uploads\/2025\/08\/Flyer-Inscripcion-Normal-1-1er-C-2026-768x768.png 768w\" sizes=\"(max-width: 1080px) 100vw, 1080px\" \/><\/figure>\n<\/figure>\n<\/div>\n<\/div>\n\n\n\n<p><strong>Inscripci\u00f3n al Profesorado de Educaci\u00f3n Primaria<\/strong><\/p>\n\n\n\n<p><a href=\"https:\/\/buenosaires.gob.ar\/profesorados-y-formacion-en-educacion\/profesorado-de-educacion-primaria\">https:\/\/buenosaires.gob.ar\/profesorados-y-formacion-en-educacion\/profesorado-de-educacion-primaria<\/a><\/p>\n\n\n\n<p><strong>Inscripci\u00f3n al Profesorado de Educaci\u00f3n Inicial<\/strong><\/p>\n\n\n\n<p><a href=\"https:\/\/buenosaires.gob.ar\/profesorados-y-formacion-en-educacion\/profesorado-de-educacion-inicial\">https:\/\/buenosaires.gob.ar\/profesorados-y-formacion-en-educacion\/profesorado-de-educacion-inicial<\/a><\/p>\n\n\n\n<p><em>Una vez realizada la preinscirpci\u00f3n en la p\u00e1gina del GCBA&nbsp;, deber\u00e1s presentar&nbsp; la documentaci\u00f3n en papel en la Escuela para finalizar tu inscripci\u00f3n.<\/em>&nbsp;<\/p>\n\n\n\n<p>&#8211;&nbsp;<em>DNI&nbsp;(Originales y fotocopia)<\/em><\/p>\n\n\n\n<p>&#8211; Partida de nacimiento (original y fotocopia)<\/p>\n\n\n\n<p><em>&#8211;<\/em> T\u00edtulo secundario&nbsp; (Originales y fotocopia) o constancia de t\u00edtulo en tr\u00e1mite o constancia de alumno regular (si est\u00e1n cursando actualmente el \u00faltimo a\u00f1o de nivel medio)<\/p>\n\n\n\n<p><em>&#8211; Foto&nbsp;4&nbsp;x&nbsp;4&nbsp;<\/em><\/p>\n\n\n\n<p><em>&#8211; Comprobante de preinscripci\u00f3n online del Gobierno de la Ciudad<\/em><\/p>\n\n\n\n<p><em>&#8211; <\/em>Carpeta de tres solapas tama\u00f1o oficio de color rosa para Profesorado de Educaci\u00f3n Primaria o celeste para Profesorado de Educaci\u00f3n Inicial&nbsp;<\/p>\n\n\n\n<p><\/p>\n\n\n\n<p>Ante cualquier consulta comunicarse con <a href=\"mailto:informesnivelsuperior@ens1caba.edu.ar\" target=\"_blank\" rel=\"noreferrer noopener\">informesnivelsuperior@ens1caba.edu.ar<\/a><\/p>\n","protected":false},"excerpt":{"rendered":"<p>INSCRIPCI\u00d3N AL 1er CUATRIMESTRE 2026 Abierta la inscripci\u00f3n a los\u00a0Profesorados desde el 06 de octubre de 2025 \u2022 Profesorado de Educaci\u00f3n Primaria (ver materias) \u2022 Profesorado de Educaci\u00f3n Inicial (ver materias) Inscripci\u00f3n al Profesorado de Educaci\u00f3n Primaria https:\/\/buenosaires.gob.ar\/profesorados-y-formacion-en-educacion\/profesorado-de-educacion-primaria Inscripci\u00f3n al Profesorado de Educaci\u00f3n Inicial https:\/\/buenosaires.gob.ar\/profesorados-y-formacion-en-educacion\/profesorado-de-educacion-inicial Una vez realizada la preinscirpci\u00f3n en la p\u00e1gina del GCBA&nbsp;, &#8230; <a title=\"Inscripci\u00f3n- ingreso a los profesorados\" class=\"read-more\" href=\"https:\/\/ens1-caba.infd.edu.ar\/sitio\/inscripcion\/\" aria-label=\"More on Inscripci\u00f3n- ingreso a los profesorados\">[+]<\/a><\/p>\n","protected":false},"author":3738,"featured_media":0,"parent":0,"menu_order":0,"comment_status":"closed","ping_status":"closed","template":"","meta":[],"acf":[],"_links":{"self":[{"href":"https:\/\/ens1-caba.infd.edu.ar\/sitio\/wp-json\/wp\/v2\/pages\/753"}],"collection":[{"href":"https:\/\/ens1-caba.infd.edu.ar\/sitio\/wp-json\/wp\/v2\/pages"}],"about":[{"href":"https:\/\/ens1-caba.infd.edu.ar\/sitio\/wp-json\/wp\/v2\/types\/page"}],"author":[{"embeddable":true,"href":"https:\/\/ens1-caba.infd.edu.ar\/sitio\/wp-json\/wp\/v2\/users\/3738"}],"replies":[{"embeddable":true,"href":"https:\/\/ens1-caba.infd.edu.ar\/sitio\/wp-json\/wp\/v2\/comments?post=753"}],"version-history":[{"count":53,"href":"https:\/\/ens1-caba.infd.edu.ar\/sitio\/wp-json\/wp\/v2\/pages\/753\/revisions"}],"predecessor-version":[{"id":1547,"href":"https:\/\/ens1-caba.infd.edu.ar\/sitio\/wp-json\/wp\/v2\/pages\/753\/revisions\/1547"}],"wp:attachment":[{"href":"https:\/\/ens1-caba.infd.edu.ar\/sitio\/wp-json\/wp\/v2\/media?parent=753"}],"curies":[{"name":"wp","href":"https:\/\/api.w.org\/{rel}","templated":true}]}}