{"id":851,"date":"2021-12-09T14:40:40","date_gmt":"2021-12-09T17:40:40","guid":{"rendered":"https:\/\/ens1-caba.infd.edu.ar\/sitio\/?page_id=851"},"modified":"2026-04-23T14:17:14","modified_gmt":"2026-04-23T17:17:14","slug":"bedelia","status":"publish","type":"page","link":"https:\/\/ens1-caba.infd.edu.ar\/sitio\/bedelia\/","title":{"rendered":"Bedel\u00eda"},"content":{"rendered":"\n<p><strong>Para solicitar<\/strong>\u00a0<strong>constancias de examen<\/strong>\u00a0y\u00a0<strong>alumno regular: descargar formularios desde aqu\u00ed (<a rel=\"noreferrer noopener\" href=\"https:\/\/ens1-caba.infd.edu.ar\/sitio\/wp-content\/uploads\/2022\/03\/Certificado-de-Examen-MASTER-1.pdf\" data-type=\"URL\" data-id=\"https:\/\/ens1-caba.infd.edu.ar\/sitio\/wp-content\/uploads\/2022\/03\/Certificado-de-Examen-MASTER-1.pdf\" target=\"_blank\">constancia de examen<\/a>&#8211; <a rel=\"noreferrer noopener\" href=\"https:\/\/ens1-caba.infd.edu.ar\/sitio\/wp-content\/uploads\/2022\/03\/Constancia-Alumno-Regular-MASTER.pdf\" data-type=\"URL\" data-id=\"https:\/\/ens1-caba.infd.edu.ar\/sitio\/wp-content\/uploads\/2022\/03\/Constancia-Alumno-Regular-MASTER.pdf\" target=\"_blank\">constancia de alumno regular<\/a>) o adquirirlos en la Fotocopiadora de PB, completarlos y solicitar firma de manera presencial en BEDEL\u00cdA.<\/strong><\/p>\n\n\n\n<p style=\"font-size:23px\"><strong>Mails de bedel\u00eda:<\/strong><\/p>\n\n\n\n<p><strong>TURNO MA\u00d1ANA<\/strong><\/p>\n\n\n\n<p>&nbsp;&nbsp;&nbsp; &nbsp;&nbsp;<a href=\"mailto:bedeliaterciariatm@ens1caba.edu.ar\" target=\"_blank\" rel=\"noreferrer noopener\"><strong>bedeliaterciariatm@ens1caba.edu.ar<\/strong><\/a><\/p>\n\n\n\n<p><strong>TURNO TARDE<\/strong><\/p>\n\n\n\n<p>&nbsp;&nbsp;&nbsp; &nbsp;&nbsp;<a href=\"mailto:bedeliaterciariatt@ens1caba.edu.ar\" target=\"_blank\" rel=\"noreferrer noopener\"><strong>bedeliaterciariatt@ens1caba.edu.ar<\/strong><\/a><\/p>\n\n\n\n<p><strong>TURNO VESPERTINO<\/strong><\/p>\n\n\n\n<p>&nbsp;&nbsp;&nbsp; &nbsp;<a href=\"mailto:bedeliaterciariatv@ens1caba.edu.ar\" target=\"_blank\" rel=\"noreferrer noopener\"><strong>bedeliaterciariatv@ens1caba.edu.ar<\/strong><\/a><strong>&nbsp;<\/strong><\/p>\n\n\n\n<p><strong>Facebook: <\/strong><a rel=\"noreferrer noopener\" href=\"https:\/\/www.facebook.com\/bedeliaterciarionormal1\/\" target=\"_blank\">https:\/\/www.facebook.com\/bedeliaterciarionormal1\/<\/a> <\/p>\n","protected":false},"excerpt":{"rendered":"<p>Para solicitar\u00a0constancias de examen\u00a0y\u00a0alumno regular: descargar formularios desde aqu\u00ed (constancia de examen&#8211; constancia de alumno regular) o adquirirlos en la Fotocopiadora de PB, completarlos y solicitar firma de manera presencial en BEDEL\u00cdA. Mails de bedel\u00eda: TURNO MA\u00d1ANA &nbsp;&nbsp;&nbsp; &nbsp;&nbsp;bedeliaterciariatm@ens1caba.edu.ar TURNO TARDE &nbsp;&nbsp;&nbsp; &nbsp;&nbsp;bedeliaterciariatt@ens1caba.edu.ar TURNO VESPERTINO &nbsp;&nbsp;&nbsp; &nbsp;bedeliaterciariatv@ens1caba.edu.ar&nbsp; Facebook: https:\/\/www.facebook.com\/bedeliaterciarionormal1\/<\/p>\n","protected":false},"author":3738,"featured_media":0,"parent":0,"menu_order":0,"comment_status":"closed","ping_status":"closed","template":"","meta":[],"acf":[],"_links":{"self":[{"href":"https:\/\/ens1-caba.infd.edu.ar\/sitio\/wp-json\/wp\/v2\/pages\/851"}],"collection":[{"href":"https:\/\/ens1-caba.infd.edu.ar\/sitio\/wp-json\/wp\/v2\/pages"}],"about":[{"href":"https:\/\/ens1-caba.infd.edu.ar\/sitio\/wp-json\/wp\/v2\/types\/page"}],"author":[{"embeddable":true,"href":"https:\/\/ens1-caba.infd.edu.ar\/sitio\/wp-json\/wp\/v2\/users\/3738"}],"replies":[{"embeddable":true,"href":"https:\/\/ens1-caba.infd.edu.ar\/sitio\/wp-json\/wp\/v2\/comments?post=851"}],"version-history":[{"count":6,"href":"https:\/\/ens1-caba.infd.edu.ar\/sitio\/wp-json\/wp\/v2\/pages\/851\/revisions"}],"predecessor-version":[{"id":1611,"href":"https:\/\/ens1-caba.infd.edu.ar\/sitio\/wp-json\/wp\/v2\/pages\/851\/revisions\/1611"}],"wp:attachment":[{"href":"https:\/\/ens1-caba.infd.edu.ar\/sitio\/wp-json\/wp\/v2\/media?parent=851"}],"curies":[{"name":"wp","href":"https:\/\/api.w.org\/{rel}","templated":true}]}}