{"id":871,"date":"2021-12-16T20:48:48","date_gmt":"2021-12-16T23:48:48","guid":{"rendered":"https:\/\/ens1-caba.infd.edu.ar\/sitio\/?page_id=871"},"modified":"2026-03-26T11:20:26","modified_gmt":"2026-03-26T14:20:26","slug":"medios-de-comunicacion","status":"publish","type":"page","link":"https:\/\/ens1-caba.infd.edu.ar\/sitio\/medios-de-comunicacion\/","title":{"rendered":"C\u00f3mo contactarnos"},"content":{"rendered":"\n<p>Pueden acceder a los datos de los canales de comunicaci\u00f3n del nivel terciario a trav\u00e9s de la siguiente presentaci\u00f3n (haciendo click en los \u00edconos interactivos):&nbsp;<a rel=\"noreferrer noopener\" href=\"https:\/\/view.genial.ly\/60f20d428839f20d8cdb2648\/interactive-content-canales-de-comunicacion\" target=\"_blank\">https:\/\/view.genial.ly\/60f20d428839f20d8cdb2648\/interactive-content-canales-de-comunicacion<\/a><\/p>\n\n\n\n<figure class=\"wp-block-embed is-type-wp-embed is-provider-genially wp-block-embed-genially\"><div class=\"wp-block-embed__wrapper\">\n<iframe class=\"wp-embedded-content\" sandbox=\"allow-scripts\" security=\"restricted\" title=\"Canales de Comunicaci\u00f3n\" frameborder='0' width='1200' height='675' src='https:\/\/view.genial.ly\/60f20d428839f20d8cdb2648#?secret=ALZQLDsBg3' data-secret='ALZQLDsBg3' scrolling='yes'><\/iframe>\n<\/div><\/figure>\n","protected":false},"excerpt":{"rendered":"<p>Pueden acceder a los datos de los canales de comunicaci\u00f3n del nivel terciario a trav\u00e9s de la siguiente presentaci\u00f3n (haciendo click en los \u00edconos interactivos):&nbsp;https:\/\/view.genial.ly\/60f20d428839f20d8cdb2648\/interactive-content-canales-de-comunicacion<\/p>\n","protected":false},"author":3738,"featured_media":0,"parent":0,"menu_order":0,"comment_status":"closed","ping_status":"closed","template":"","meta":[],"acf":[],"_links":{"self":[{"href":"https:\/\/ens1-caba.infd.edu.ar\/sitio\/wp-json\/wp\/v2\/pages\/871"}],"collection":[{"href":"https:\/\/ens1-caba.infd.edu.ar\/sitio\/wp-json\/wp\/v2\/pages"}],"about":[{"href":"https:\/\/ens1-caba.infd.edu.ar\/sitio\/wp-json\/wp\/v2\/types\/page"}],"author":[{"embeddable":true,"href":"https:\/\/ens1-caba.infd.edu.ar\/sitio\/wp-json\/wp\/v2\/users\/3738"}],"replies":[{"embeddable":true,"href":"https:\/\/ens1-caba.infd.edu.ar\/sitio\/wp-json\/wp\/v2\/comments?post=871"}],"version-history":[{"count":3,"href":"https:\/\/ens1-caba.infd.edu.ar\/sitio\/wp-json\/wp\/v2\/pages\/871\/revisions"}],"predecessor-version":[{"id":1597,"href":"https:\/\/ens1-caba.infd.edu.ar\/sitio\/wp-json\/wp\/v2\/pages\/871\/revisions\/1597"}],"wp:attachment":[{"href":"https:\/\/ens1-caba.infd.edu.ar\/sitio\/wp-json\/wp\/v2\/media?parent=871"}],"curies":[{"name":"wp","href":"https:\/\/api.w.org\/{rel}","templated":true}]}}